{"id":465,"date":"2019-10-29T09:03:01","date_gmt":"2019-10-29T08:03:01","guid":{"rendered":"https:\/\/acousticcurtains.net\/es\/?post_type=product&#038;p=465"},"modified":"2021-05-24T13:13:11","modified_gmt":"2021-05-24T11:13:11","slug":"cortina-aislamiento-25db","status":"publish","type":"product","link":"https:\/\/acousticcurtains.net\/es\/producto\/cortina-aislamiento-25db\/","title":{"rendered":"Cortina para aislamiento 25dB"},"content":{"rendered":"<p>[et_pb_section fb_built=\u00bb1&#8243; _builder_version=\u00bb4.0.2&#8243; custom_padding=\u00bb5px||||false|false\u00bb hover_enabled=\u00bb0&#8243;][et_pb_row _builder_version=\u00bb3.25&#8243; background_size=\u00bbinitial\u00bb background_position=\u00bbtop_left\u00bb background_repeat=\u00bbrepeat\u00bb width=\u00bb100%\u00bb custom_padding=\u00bb0px||0px||false|false\u00bb][et_pb_column type=\u00bb4_4&#8243; _builder_version=\u00bb3.25&#8243; custom_padding=\u00bb|||\u00bb custom_padding__hover=\u00bb|||\u00bb][et_pb_wc_cart_notice _builder_version=\u00bb4.0.2&#8243; background_layout=\u00bblight\u00bb][\/et_pb_wc_cart_notice][\/et_pb_column][\/et_pb_row][et_pb_row column_structure=\u00bb2_5,3_5&#8243; _builder_version=\u00bb4.0.2&#8243; background_size=\u00bbinitial\u00bb background_position=\u00bbtop_left\u00bb background_repeat=\u00bbrepeat\u00bb width=\u00bb100%\u00bb custom_padding=\u00bb0px||||false|false\u00bb z_index_tablet=\u00bb500&#8243; box_shadow_horizontal_tablet=\u00bb0px\u00bb box_shadow_vertical_tablet=\u00bb0px\u00bb box_shadow_blur_tablet=\u00bb40px\u00bb box_shadow_spread_tablet=\u00bb0px\u00bb][et_pb_column type=\u00bb2_5&#8243; _builder_version=\u00bb3.25&#8243; custom_padding=\u00bb|||\u00bb custom_padding__hover=\u00bb|||\u00bb][et_pb_wc_title _builder_version=\u00bb4.0.2&#8243; header_font=\u00bb|700|||||||\u00bb header_font_size=\u00bb25px\u00bb z_index_tablet=\u00bb500&#8243; header_text_shadow_horizontal_length_tablet=\u00bb0px\u00bb header_text_shadow_vertical_length_tablet=\u00bb0px\u00bb header_text_shadow_blur_strength_tablet=\u00bb1px\u00bb box_shadow_horizontal_tablet=\u00bb0px\u00bb box_shadow_vertical_tablet=\u00bb0px\u00bb box_shadow_blur_tablet=\u00bb40px\u00bb box_shadow_spread_tablet=\u00bb0px\u00bb][\/et_pb_wc_title][et_pb_wc_description _builder_version=\u00bb4.0.2&#8243; custom_margin=\u00bb||0px||false|false\u00bb][\/et_pb_wc_description][et_pb_toggle title=\u00bb(+ info)\u00bb open_toggle_background_color=\u00bb#ffffff\u00bb closed_toggle_background_color=\u00bb#ffffff\u00bb icon_color=\u00bb#cc3300&#8243; use_icon_font_size=\u00bbon\u00bb icon_font_size=\u00bb20px\u00bb _builder_version=\u00bb4.0.2&#8243; title_font=\u00bb|700|||||||\u00bb title_text_align=\u00bbright\u00bb custom_padding=\u00bb8px||8px||false|false\u00bb z_index_tablet=\u00bb500&#8243; title_text_shadow_horizontal_length_tablet=\u00bb0px\u00bb title_text_shadow_vertical_length_tablet=\u00bb0px\u00bb title_text_shadow_blur_strength_tablet=\u00bb1px\u00bb closed_title_text_shadow_horizontal_length_tablet=\u00bb0px\u00bb closed_title_text_shadow_vertical_length_tablet=\u00bb0px\u00bb closed_title_text_shadow_blur_strength_tablet=\u00bb1px\u00bb body_text_shadow_horizontal_length_tablet=\u00bb0px\u00bb body_text_shadow_vertical_length_tablet=\u00bb0px\u00bb body_text_shadow_blur_strength_tablet=\u00bb1px\u00bb body_link_text_shadow_horizontal_length_tablet=\u00bb0px\u00bb body_link_text_shadow_vertical_length_tablet=\u00bb0px\u00bb body_link_text_shadow_blur_strength_tablet=\u00bb1px\u00bb body_ul_text_shadow_horizontal_length_tablet=\u00bb0px\u00bb body_ul_text_shadow_vertical_length_tablet=\u00bb0px\u00bb body_ul_text_shadow_blur_strength_tablet=\u00bb1px\u00bb body_ol_text_shadow_horizontal_length_tablet=\u00bb0px\u00bb body_ol_text_shadow_vertical_length_tablet=\u00bb0px\u00bb body_ol_text_shadow_blur_strength_tablet=\u00bb1px\u00bb body_quote_text_shadow_horizontal_length_tablet=\u00bb0px\u00bb body_quote_text_shadow_vertical_length_tablet=\u00bb0px\u00bb body_quote_text_shadow_blur_strength_tablet=\u00bb1px\u00bb border_width_all=\u00bb0px\u00bb box_shadow_horizontal_tablet=\u00bb0px\u00bb box_shadow_vertical_tablet=\u00bb0px\u00bb box_shadow_blur_tablet=\u00bb40px\u00bb box_shadow_spread_tablet=\u00bb0px\u00bb text_shadow_horizontal_length_tablet=\u00bb0px\u00bb text_shadow_vertical_length_tablet=\u00bb0px\u00bb text_shadow_blur_strength_tablet=\u00bb1px\u00bb open_toggle_background_color__hover_enabled=\u00bbon|desktop\u00bb]<strong>Indicaciones<\/strong><br \/>\nPudi\u00e9ndose emplear en todo tipo de ventanas, puertas o sectorizaci\u00f3n de zonas. La cortina de 25 decibelios est\u00e1 indicada para su uso en lugares p\u00fablicos, tales como: hosteler\u00eda, discotecas, restaurantes, salas de cine, auditorios,  oficinas, f\u00e1bricas, aeropuertos, universidades, centros comerciales, etc&#8230;<\/p>\n<p><strong>Uso<\/strong><br \/>\n25 decibelios aporta una importante mejora del aislamiento y acondicionamiento ac\u00fastico, en aquellos lugares pr\u00f3ximos a tr\u00e1fico intenso de veh\u00edculos y zonas muy concurridas, que provocan molestias considerables. Aunque su principal uso, es el de evitar que el ruido que generamos en nuestras instalaciones transcienda al exterior. Cumpliendo de ese modo, con la legislaci\u00f3n internacional y normativas que regulan la contaminaci\u00f3n ac\u00fastica.<\/p>\n<p><strong>Medidas<\/strong><br \/>\nPara saber cual es la medida ideal de su cortina, considere sumar a la medida de la ventana o puerta, al menos entre 15 y 30cm por cada lado, siempre que sea posible. Y para la altura, siempre desde el suelo hasta donde vaya a colocar la barra, que deber\u00eda ser m\u00ednimo entre 15 y 30cm por encima de la puerta o ventana.<\/p>\n<p><strong>Confecci\u00f3n<\/strong><br \/>\nLa confecci\u00f3n es tal cual se muestra en las fotograf\u00edas, mediante ollados met\u00e1licos de 40mm de color acero.<\/p>\n<p><strong>Barra o gu\u00eda<\/strong><br \/>\nPara la colocaci\u00f3n de esta cortina, se recomienda que use una barra met\u00e1lica de entre 20 y 30mm de di\u00e1metro, la cual podr\u00e1 adquirir en cualquier establecimiento local pr\u00f3ximo a usted. Pues enviarle la barra junto a sus cortinas, podr\u00eda suponer un coste considerable. Ya que nuestra f\u00e1brica se ubica en Espa\u00f1a, y el env\u00edo de paquetes largos supondr\u00eda un sobre coste incensario para usted.<\/p>\n<p><strong>Otras propiedades<\/strong><br \/>\nAdem\u00e1s de sus propiedades de aislamiento ac\u00fastico, estas cortinas est\u00e1n fabricadas en fibra natural 100% de alta densidad, por lo que tambi\u00e9n act\u00faan como fonoabsorbentes, de manera que absorben la reverberaci\u00f3n \u201ceco\u201d que pudiese existir en el interior, creando un entorno m\u00e1s agradable y acondicionado.<br \/>\nLa cortina est\u00e1 homologada y certificada como ign\u00edfuga M1-UNE-ISO 9001. Por lo que en caso de incendio se auto extingue y no propaga la llama, aportando un plus de seguridad ante un posible incendio, adem\u00e1s de ser un requisito imprescindible en lugares p\u00fablicos y centros oficiales.<br \/>\n[\/et_pb_toggle][et_pb_wc_images _builder_version=\u00bb3.0.47&#8243;][\/et_pb_wc_images][\/et_pb_column][et_pb_column type=\u00bb3_5&#8243; _builder_version=\u00bb3.25&#8243; custom_padding=\u00bb|||\u00bb custom_padding__hover=\u00bb|||\u00bb][et_pb_wc_price _builder_version=\u00bb4.0.2&#8243;][\/et_pb_wc_price][et_pb_wc_add_to_cart _builder_version=\u00bb4.0.2&#8243; custom_button=\u00bbon\u00bb button_text_color=\u00bb#000000&#8243; button_bg_use_color_gradient=\u00bbon\u00bb button_bg_color_gradient_start=\u00bb#ffca00&#8243; button_bg_color_gradient_end=\u00bb#ff8c00&#8243; button_bg_color_gradient_start_position=\u00bb46%\u00bb button_border_width=\u00bb1px\u00bb button_border_color=\u00bb#f57b1f\u00bb button_border_radius=\u00bb10px\u00bb button_font=\u00bb|700|||||||\u00bb button_icon=\u00bb%%3%%\u00bb button_icon_placement=\u00bbleft\u00bb custom_padding=\u00bb20px|20px|20px|20px|true|true\u00bb border_width_all=\u00bb1px\u00bb border_color_all=\u00bb#777&#8243;][\/et_pb_wc_add_to_cart][et_pb_image src=\u00bbhttps:\/\/acousticcurtains.net\/es\/wp-content\/uploads\/sites\/4\/logo-pagos.png\u00bb _builder_version=\u00bb4.0.2&#8243; width=\u00bb55%\u00bb z_index_tablet=\u00bb500&#8243; box_shadow_horizontal_tablet=\u00bb0px\u00bb box_shadow_vertical_tablet=\u00bb0px\u00bb box_shadow_blur_tablet=\u00bb40px\u00bb box_shadow_spread_tablet=\u00bb0px\u00bb][\/et_pb_image][et_pb_toggle title=\u00bb\u00bfOtras medidas?\u00bb open_toggle_background_color=\u00bb#ffffff\u00bb closed_toggle_background_color=\u00bb#ffffff\u00bb icon_color=\u00bb#444444&#8243; use_icon_font_size=\u00bbon\u00bb icon_font_size=\u00bb20px\u00bb _builder_version=\u00bb4.0.2&#8243; title_font=\u00bb|700|||||||\u00bb title_text_align=\u00bbright\u00bb custom_padding=\u00bb8px||8px||false|false\u00bb z_index_tablet=\u00bb500&#8243; title_text_shadow_horizontal_length_tablet=\u00bb0px\u00bb title_text_shadow_vertical_length_tablet=\u00bb0px\u00bb title_text_shadow_blur_strength_tablet=\u00bb1px\u00bb closed_title_text_shadow_horizontal_length_tablet=\u00bb0px\u00bb closed_title_text_shadow_vertical_length_tablet=\u00bb0px\u00bb closed_title_text_shadow_blur_strength_tablet=\u00bb1px\u00bb body_text_shadow_horizontal_length_tablet=\u00bb0px\u00bb body_text_shadow_vertical_length_tablet=\u00bb0px\u00bb body_text_shadow_blur_strength_tablet=\u00bb1px\u00bb body_link_text_shadow_horizontal_length_tablet=\u00bb0px\u00bb body_link_text_shadow_vertical_length_tablet=\u00bb0px\u00bb body_link_text_shadow_blur_strength_tablet=\u00bb1px\u00bb body_ul_text_shadow_horizontal_length_tablet=\u00bb0px\u00bb body_ul_text_shadow_vertical_length_tablet=\u00bb0px\u00bb body_ul_text_shadow_blur_strength_tablet=\u00bb1px\u00bb body_ol_text_shadow_horizontal_length_tablet=\u00bb0px\u00bb body_ol_text_shadow_vertical_length_tablet=\u00bb0px\u00bb body_ol_text_shadow_blur_strength_tablet=\u00bb1px\u00bb body_quote_text_shadow_horizontal_length_tablet=\u00bb0px\u00bb body_quote_text_shadow_vertical_length_tablet=\u00bb0px\u00bb body_quote_text_shadow_blur_strength_tablet=\u00bb1px\u00bb border_width_all=\u00bb0px\u00bb box_shadow_horizontal_tablet=\u00bb0px\u00bb box_shadow_vertical_tablet=\u00bb0px\u00bb box_shadow_blur_tablet=\u00bb40px\u00bb box_shadow_spread_tablet=\u00bb0px\u00bb text_shadow_horizontal_length_tablet=\u00bb0px\u00bb text_shadow_vertical_length_tablet=\u00bb0px\u00bb text_shadow_blur_strength_tablet=\u00bb1px\u00bb open_toggle_background_color__hover_enabled=\u00bbon|desktop\u00bb]Si no encuentra la medida que se adapta a sus necesidades, no se preocupe. Todas nuestras cortinas pueden ser fabricadas a medida. As\u00ed como el tipo de confecci\u00f3n, incluso colores especiales en terciopelo.<\/p>\n<p>P\u00f3ngase en contacto con nosotros, y en menos de 24 horas le enviaremos presupuesto y plazos de entrega.<br \/>\n[\/et_pb_toggle][\/et_pb_column][\/et_pb_row][\/et_pb_section]<\/p>\n","protected":false},"excerpt":{"rendered":"<p>Pudi\u00e9ndose emplear en todo tipo de ventanas, puertas o sectorizaci\u00f3n de zonas. La cortina de 25 decibelios est\u00e1 indicada para su uso en lugares p\u00fablicos, tales como: hosteler\u00eda, discotecas, restaurantes, salas de cine, auditorios, oficinas, f\u00e1bricas, aeropuertos, universidades, centros comerciales, etc&#8230;<\/p>\n","protected":false},"featured_media":442,"template":"","meta":{"_et_pb_use_builder":"on","_et_pb_old_content":"","_et_gb_content_width":"","_joinchat":[]},"product_brand":[],"product_cat":[17],"product_tag":[],"class_list":{"0":"post-465","1":"product","2":"type-product","3":"status-publish","4":"has-post-thumbnail","6":"product_cat-cortinas-acusticas","8":"first","9":"instock","10":"taxable","11":"shipping-taxable","12":"purchasable","13":"product-type-variable","14":"has-default-attributes"},"_links":{"self":[{"href":"https:\/\/acousticcurtains.net\/es\/wp-json\/wp\/v2\/product\/465","targetHints":{"allow":["GET"]}}],"collection":[{"href":"https:\/\/acousticcurtains.net\/es\/wp-json\/wp\/v2\/product"}],"about":[{"href":"https:\/\/acousticcurtains.net\/es\/wp-json\/wp\/v2\/types\/product"}],"wp:featuredmedia":[{"embeddable":true,"href":"https:\/\/acousticcurtains.net\/es\/wp-json\/wp\/v2\/media\/442"}],"wp:attachment":[{"href":"https:\/\/acousticcurtains.net\/es\/wp-json\/wp\/v2\/media?parent=465"}],"wp:term":[{"taxonomy":"product_brand","embeddable":true,"href":"https:\/\/acousticcurtains.net\/es\/wp-json\/wp\/v2\/product_brand?post=465"},{"taxonomy":"product_cat","embeddable":true,"href":"https:\/\/acousticcurtains.net\/es\/wp-json\/wp\/v2\/product_cat?post=465"},{"taxonomy":"product_tag","embeddable":true,"href":"https:\/\/acousticcurtains.net\/es\/wp-json\/wp\/v2\/product_tag?post=465"}],"curies":[{"name":"wp","href":"https:\/\/api.w.org\/{rel}","templated":true}]}}