{"id":628,"date":"2019-12-03T12:29:25","date_gmt":"2019-12-03T11:29:25","guid":{"rendered":"https:\/\/acousticcurtains.net\/es\/?page_id=628"},"modified":"2020-03-24T14:56:05","modified_gmt":"2020-03-24T13:56:05","slug":"como-medir-cortina","status":"publish","type":"page","link":"https:\/\/acousticcurtains.net\/es\/como-medir-cortina\/","title":{"rendered":"C\u00f3mo medir"},"content":{"rendered":"<p>[et_pb_section fb_built=\u00bb1&#8243; custom_padding_last_edited=\u00bboff|desktop\u00bb _builder_version=\u00bb4.0.2&#8243; background_enable_color=\u00bboff\u00bb custom_padding=\u00bb40px|||||\u00bb custom_padding_tablet=\u00bb50px|0|50px|0&#8243; transparent_background=\u00bboff\u00bb padding_mobile=\u00bboff\u00bb make_fullwidth=\u00bboff\u00bb use_custom_width=\u00bboff\u00bb width_unit=\u00bbon\u00bb][et_pb_row _builder_version=\u00bb4.0.2&#8243; background_size=\u00bbinitial\u00bb background_position=\u00bbtop_left\u00bb background_repeat=\u00bbrepeat\u00bb max_width=\u00bb1500px\u00bb custom_padding=\u00bb30px|||||\u00bb][et_pb_column type=\u00bb4_4&#8243; _builder_version=\u00bb3.25&#8243; custom_padding=\u00bb|||\u00bb custom_padding__hover=\u00bb|||\u00bb][et_pb_text _builder_version=\u00bb4.0.2&#8243; header_font=\u00bb|600|||||||\u00bb background_size=\u00bbinitial\u00bb background_position=\u00bbtop_left\u00bb background_repeat=\u00bbrepeat\u00bb module_alignment=\u00bbleft\u00bb use_border_color=\u00bboff\u00bb]<\/p>\n<h1>\u00bfC\u00f3mo medir correctamente una cortina ac\u00fastica?<\/h1>\n<p>[\/et_pb_text][et_pb_text _builder_version=\u00bb4.0.2&#8243; background_size=\u00bbinitial\u00bb background_position=\u00bbtop_left\u00bb background_repeat=\u00bbrepeat\u00bb text_orientation=\u00bbjustified\u00bb module_alignment=\u00bbleft\u00bb use_border_color=\u00bboff\u00bb]Para realizar una correcta medici\u00f3n en la instalaci\u00f3n de una cortina ac\u00fastica,\u00a0debemos tener en cuenta varios factores que nos ayudar\u00e1n a aumentar el rendimiento de la misma.<\/p>\n<p>L\u00f3gicamente lo primero es medir el ancho y el alto de la ventana o puerta donde queremos instalarla. Lo siguiente y quiz\u00e1s m\u00e1s importante, ser\u00eda incluir un peque\u00f1o aumento en las medidas, (pasaremos a explicarlo m\u00e1s abajo) de este ancho y este alto, para no disminuir el efecto aislante de la cortina ac\u00fastica.<\/p>\n<p>Vamos a explicar c\u00f3mo tomar las medidas correctamente para obtener el m\u00e1ximo aislamiento ac\u00fastico o la m\u00e1xima absorci\u00f3n ac\u00fastica.<br \/>\n[\/et_pb_text][\/et_pb_column][\/et_pb_row][\/et_pb_section][et_pb_section fb_built=\u00bb1&#8243; custom_padding_last_edited=\u00bbon|desktop\u00bb admin_label=\u00bbsection\u00bb _builder_version=\u00bb3.22&#8243; custom_padding_tablet=\u00bb50px|0|50px|0&#8243; custom_padding_phone=\u00bb\u00bb transparent_background=\u00bboff\u00bb padding_mobile=\u00bboff\u00bb make_fullwidth=\u00bboff\u00bb use_custom_width=\u00bboff\u00bb width_unit=\u00bbon\u00bb][et_pb_row column_padding_mobile=\u00bbon\u00bb _builder_version=\u00bb4.0.2&#8243; background_size=\u00bbinitial\u00bb background_position=\u00bbtop_left\u00bb background_repeat=\u00bbrepeat\u00bb max_width=\u00bb1500px\u00bb hover_enabled=\u00bb0&#8243; make_fullwidth=\u00bboff\u00bb use_custom_width=\u00bboff\u00bb width_unit=\u00bbon\u00bb custom_padding=\u00bb30px||30px||false|false\u00bb][et_pb_column type=\u00bb4_4&#8243; _builder_version=\u00bb4.0.2&#8243; custom_padding=\u00bb|||\u00bb custom_padding__hover=\u00bb|||\u00bb][et_pb_text _builder_version=\u00bb4.0.2&#8243; text_font=\u00bb||||||||\u00bb header_2_font=\u00bb|600|||||||\u00bb header_2_text_align=\u00bbcenter\u00bb background_size=\u00bbinitial\u00bb background_position=\u00bbtop_left\u00bb background_repeat=\u00bbrepeat\u00bb module_alignment=\u00bbleft\u00bb hover_enabled=\u00bb0&#8243; use_border_color=\u00bboff\u00bb]<\/p>\n<h2>\u00bfC\u00f3mo medir el ancho?<\/h2>\n<p>[\/et_pb_text][\/et_pb_column][\/et_pb_row][et_pb_row column_structure=\u00bb1_2,1_2&#8243; _builder_version=\u00bb4.0.2&#8243; background_size=\u00bbinitial\u00bb background_position=\u00bbtop_left\u00bb background_repeat=\u00bbrepeat\u00bb max_width=\u00bb1500px\u00bb][et_pb_column type=\u00bb1_2&#8243; _builder_version=\u00bb3.25&#8243; custom_padding=\u00bb|||\u00bb custom_padding__hover=\u00bb|||\u00bb][et_pb_text _builder_version=\u00bb4.0.2&#8243; background_size=\u00bbinitial\u00bb background_position=\u00bbtop_left\u00bb background_repeat=\u00bbrepeat\u00bb text_orientation=\u00bbjustified\u00bb module_alignment=\u00bbleft\u00bb use_border_color=\u00bboff\u00bb]<\/p>\n<p>Para medir correctamente el ancho que debe tener nuestra cortina, tomamos la medida exacta de nuestra ventana o puerta, y a\u00f1adimos un extra adicional de unos 25 \u00f3 30cm a cada lado de la ventana.<\/p>\n<p>Lo recomendable ser\u00eda ampliar unos 50cm a cada lado en lugar de unos 25 \u00f3 30cm si su instalaci\u00f3n lo permite. Con estos 50cm extra a cada lado, obtendr\u00edamos el m\u00e1ximo\u00a0aislamiento ac\u00fastico de nuestra cortina.<\/p>\n<p>Pongamos como ejemplo la instalaci\u00f3n de una cortina de 1m de ancho, las medidas ser\u00edan:<\/p>\n<p><strong>Medidas M\u00ednimas<\/strong><\/p>\n<ul>\n<li>+1m (ancho de la cortina).<\/li>\n<li>+60cm (30cm adicionales a cada lado).<\/li>\n<li>Nuestra cortina deber\u00eda ser de 1,60m de ancho.<\/li>\n<\/ul>\n<p><strong>Medidas Recomendables para maximizar el aislamiento<\/strong><\/p>\n<ul>\n<li>+1m (ancho de la cortina).<\/li>\n<li>+1m (50cm adicionales a cada lado)<\/li>\n<li>Nuestra cortina deber\u00eda ser de 2m de ancho,\u00a0si nuestra est\u00e9tica e instalaci\u00f3n lo permite, consiguiendo de este modo el aislamiento m\u00e1ximo.<\/li>\n<\/ul>\n<p>[\/et_pb_text][\/et_pb_column][et_pb_column type=\u00bb1_2&#8243; _builder_version=\u00bb3.25&#8243; custom_padding=\u00bb|||\u00bb custom_padding__hover=\u00bb|||\u00bb][et_pb_image src=\u00bbhttps:\/\/acousticcurtains.net\/es\/wp-content\/uploads\/sites\/4\/ancho-cortina-acustica.jpg\u00bb alt=\u00bbC\u00f3mo medir el ancho de cortina ac\u00fastica\u00bb title_text=\u00bbC\u00f3mo medir el ancho de cortina ac\u00fastica\u00bb align_tablet=\u00bbcenter\u00bb align_phone=\u00bb\u00bb align_last_edited=\u00bbon|desktop\u00bb _builder_version=\u00bb4.0.2&#8243; width=\u00bb75%\u00bb module_alignment=\u00bbcenter\u00bb animation_direction=\u00bbright\u00bb z_index_tablet=\u00bb500&#8243; box_shadow_horizontal_tablet=\u00bb0px\u00bb box_shadow_vertical_tablet=\u00bb0px\u00bb box_shadow_blur_tablet=\u00bb40px\u00bb box_shadow_spread_tablet=\u00bb0px\u00bb use_border_color=\u00bboff\u00bb border_color=\u00bb#ffffff\u00bb border_style=\u00bbsolid\u00bb animation=\u00bbright\u00bb sticky=\u00bboff\u00bb always_center_on_mobile=\u00bbon\u00bb][\/et_pb_image][\/et_pb_column][\/et_pb_row][\/et_pb_section][et_pb_section fb_built=\u00bb1&#8243; custom_padding_last_edited=\u00bbon|desktop\u00bb _builder_version=\u00bb4.0.2&#8243; background_enable_color=\u00bboff\u00bb custom_padding=\u00bb||40px|||\u00bb custom_padding_tablet=\u00bb50px|0|50px|0&#8243; custom_padding_phone=\u00bb\u00bb transparent_background=\u00bboff\u00bb padding_mobile=\u00bboff\u00bb make_fullwidth=\u00bboff\u00bb use_custom_width=\u00bboff\u00bb width_unit=\u00bbon\u00bb][et_pb_row column_padding_mobile=\u00bbon\u00bb _builder_version=\u00bb4.0.2&#8243; background_size=\u00bbinitial\u00bb background_position=\u00bbtop_left\u00bb background_repeat=\u00bbrepeat\u00bb max_width=\u00bb1500px\u00bb hover_enabled=\u00bb0&#8243; make_fullwidth=\u00bboff\u00bb use_custom_width=\u00bboff\u00bb width_unit=\u00bbon\u00bb custom_padding=\u00bb30px||30px||false|false\u00bb][et_pb_column type=\u00bb4_4&#8243; _builder_version=\u00bb3.25&#8243; custom_padding=\u00bb|||\u00bb custom_padding__hover=\u00bb|||\u00bb][et_pb_text _builder_version=\u00bb4.0.2&#8243; header_2_font=\u00bb|600|||||||\u00bb header_2_text_align=\u00bbcenter\u00bb background_size=\u00bbinitial\u00bb background_position=\u00bbtop_left\u00bb background_repeat=\u00bbrepeat\u00bb module_alignment=\u00bbleft\u00bb use_border_color=\u00bboff\u00bb]<\/p>\n<h2>\u00bfC\u00f3mo medir el alto?<\/h2>\n<p>[\/et_pb_text][\/et_pb_column][\/et_pb_row][et_pb_row column_structure=\u00bb1_2,1_2&#8243; _builder_version=\u00bb4.0.2&#8243; background_size=\u00bbinitial\u00bb background_position=\u00bbtop_left\u00bb background_repeat=\u00bbrepeat\u00bb max_width=\u00bb1500px\u00bb custom_padding=\u00bb||30px|||\u00bb][et_pb_column type=\u00bb1_2&#8243; _builder_version=\u00bb3.25&#8243; custom_padding=\u00bb|||\u00bb custom_padding__hover=\u00bb|||\u00bb][et_pb_image src=\u00bbhttps:\/\/acousticcurtains.net\/es\/wp-content\/uploads\/sites\/4\/alto-cortina-acustica.jpg\u00bb alt=\u00bbC\u00f3mo medir el alto de cortina ac\u00fastica\u00bb title_text=\u00bbC\u00f3mo medir el alto de cortina ac\u00fastica\u00bb align_tablet=\u00bbcenter\u00bb align_phone=\u00bb\u00bb align_last_edited=\u00bbon|desktop\u00bb _builder_version=\u00bb4.0.2&#8243; width=\u00bb75%\u00bb module_alignment=\u00bbcenter\u00bb animation_direction=\u00bbleft\u00bb z_index_tablet=\u00bb500&#8243; box_shadow_horizontal_tablet=\u00bb0px\u00bb box_shadow_vertical_tablet=\u00bb0px\u00bb box_shadow_blur_tablet=\u00bb40px\u00bb box_shadow_spread_tablet=\u00bb0px\u00bb use_border_color=\u00bboff\u00bb border_color=\u00bb#ffffff\u00bb border_style=\u00bbsolid\u00bb animation=\u00bbleft\u00bb sticky=\u00bboff\u00bb always_center_on_mobile=\u00bbon\u00bb][\/et_pb_image][\/et_pb_column][et_pb_column type=\u00bb1_2&#8243; _builder_version=\u00bb3.25&#8243; custom_padding=\u00bb|||\u00bb custom_padding__hover=\u00bb|||\u00bb][et_pb_text _builder_version=\u00bb4.0.2&#8243; background_size=\u00bbinitial\u00bb background_position=\u00bbtop_left\u00bb background_repeat=\u00bbrepeat\u00bb text_orientation=\u00bbjustified\u00bb module_alignment=\u00bbleft\u00bb use_border_color=\u00bboff\u00bb]Para medir correctamente el alto que debe tener nuestra cortina, tomamos la\u00a0medida exacta de nuestra ventana o puerta, y a\u00f1adimos un extra adicional de unos 25 \u00f3 30cm en la parte superior. En la parte inferior para medir correctamente, debemos tomar la medida hasta el suelo y restar de 2 a 2,5cm.<\/p>\n<p>Lo recomendable ser\u00eda ampliar hasta el techo en lugar de unos 25 \u00f3 30cm si su instalaci\u00f3n lo permite. Con este aumento en la parte superior, conseguimos el nivel m\u00e1ximo de aislamiento ac\u00fastico.<\/p>\n<p>Si por ejemplo queremos colocar una cortina para una ventana que est\u00e1 a 1m de altura y tiene 1m de alto, nuestra cortina deber\u00eda tener:<\/p>\n<p><strong>Medidas M\u00ednimas<\/strong><\/p>\n<ul>\n<li>+1m (altura a la que est\u00e1 la ventana del suelo)<\/li>\n<li>+ 1m (alto de la ventana)<\/li>\n<li>+ 30cm (adicionales en la parte superior)<\/li>\n<li>Lo que hace un total de 2,30m de altura, a los que hay que restar 2cm en la parte inferior para evitar que toque el suelo, quedando una cortina de 2,28m de alto.<\/li>\n<\/ul>\n<p><strong>Medidas Recomendables para maximizar el aislamiento<\/strong><\/p>\n<ul>\n<li>+1m (altura a la que est\u00e1 la ventana del suelo)<\/li>\n<li>+1m (alto de la ventana)<\/li>\n<li>\u00a0Si nuestra est\u00e9tica e instalaci\u00f3n lo permite, en la parte superior a\u00f1adir\u00edamos cortina hasta llegar al techo.<\/li>\n<li>Lo que har\u00eda un total de: 2m + La distancia al techo, a los que hay que restar 2cm en la parte inferior para evitar que toque el suelo, quedando una cortina de: 1,98m +\u00a0 La distancia al techo.<\/li>\n<\/ul>\n<p>[\/et_pb_text][\/et_pb_column][\/et_pb_row][\/et_pb_section]<\/p>\n","protected":false},"excerpt":{"rendered":"<p>\u00bfC\u00f3mo medir correctamente una cortina ac\u00fastica?Para realizar una correcta medici\u00f3n en la instalaci\u00f3n de una cortina ac\u00fastica,\u00a0debemos tener en cuenta varios factores que nos ayudar\u00e1n a aumentar el rendimiento de la misma. L\u00f3gicamente lo primero es medir el ancho y el alto de la ventana o puerta donde queremos instalarla. Lo siguiente y quiz\u00e1s m\u00e1s [&hellip;]<\/p>\n","protected":false},"author":1,"featured_media":0,"parent":0,"menu_order":0,"comment_status":"closed","ping_status":"closed","template":"","meta":{"_et_pb_use_builder":"on","_et_pb_old_content":"","_et_gb_content_width":"","_joinchat":[],"footnotes":""},"class_list":["post-628","page","type-page","status-publish","hentry"],"_links":{"self":[{"href":"https:\/\/acousticcurtains.net\/es\/wp-json\/wp\/v2\/pages\/628","targetHints":{"allow":["GET"]}}],"collection":[{"href":"https:\/\/acousticcurtains.net\/es\/wp-json\/wp\/v2\/pages"}],"about":[{"href":"https:\/\/acousticcurtains.net\/es\/wp-json\/wp\/v2\/types\/page"}],"author":[{"embeddable":true,"href":"https:\/\/acousticcurtains.net\/es\/wp-json\/wp\/v2\/users\/1"}],"replies":[{"embeddable":true,"href":"https:\/\/acousticcurtains.net\/es\/wp-json\/wp\/v2\/comments?post=628"}],"version-history":[{"count":9,"href":"https:\/\/acousticcurtains.net\/es\/wp-json\/wp\/v2\/pages\/628\/revisions"}],"predecessor-version":[{"id":824,"href":"https:\/\/acousticcurtains.net\/es\/wp-json\/wp\/v2\/pages\/628\/revisions\/824"}],"wp:attachment":[{"href":"https:\/\/acousticcurtains.net\/es\/wp-json\/wp\/v2\/media?parent=628"}],"curies":[{"name":"wp","href":"https:\/\/api.w.org\/{rel}","templated":true}]}}